
{"id":14261,"date":"2026-01-28T10:18:23","date_gmt":"2026-01-28T09:18:23","guid":{"rendered":"http:\/\/sciences_bourses.univ-alger.dz\/?page_id=14261"},"modified":"2026-01-28T10:19:46","modified_gmt":"2026-01-28T09:19:46","slug":"faculte-des-sciences-conventions-internationales","status":"publish","type":"page","link":"http:\/\/sciences_bourses.univ-alger.dz\/?page_id=14261","title":{"rendered":"Facult\u00e9 des Sciences &#8211; Conventions Internationales"},"content":{"rendered":"\n<p><\/p>\n\n\n\n<div class=\"wp-block-columns is-layout-flex wp-container-core-columns-is-layout-1 wp-block-columns-is-layout-flex\">\n<div class=\"wp-block-column is-layout-flow wp-block-column-is-layout-flow\" style=\"flex-basis:25%\"><\/div>\n\n\n\n<div class=\"wp-block-column is-layout-flow wp-block-column-is-layout-flow\" style=\"flex-basis:50%\">\n<h1 class=\"wp-block-heading has-text-align-center\">Facult\u00e9 des Science<\/h1>\n<\/div>\n\n\n\n<div class=\"wp-block-column is-layout-flow wp-block-column-is-layout-flow\" style=\"flex-basis:25%\"><div class=\"logged-out wp-block-loginout\"><a href=\"http:\/\/sciences_bourses.univ-alger.dz\/wp-login.php?redirect_to=http%3A%2F%2Fsciences_bourses.univ-alger.dz%2Findex.php%3Frest_route%3D%252Fwp%252Fv2%252Fpages%252F14261\">Connexion<\/a><\/div><\/div>\n<\/div>\n\n\n<div class=\"wp-block-image\">\n<figure class=\"aligncenter size-full is-resized\"><img decoding=\"async\" width=\"133\" height=\"133\" src=\"http:\/\/sciences_bourses.univ-alger.dz\/wp-content\/uploads\/2024\/05\/telechargement-150x150-1.png\" alt=\"\" class=\"wp-image-10365\" style=\"width:103px;height:103px\"\/><\/figure><\/div>\n\n\n<div style=\"height:14px\" aria-hidden=\"true\" class=\"wp-block-spacer\"><\/div>\n\n\n\n<div class=\"wp-block-columns is-layout-flex wp-container-core-columns-is-layout-2 wp-block-columns-is-layout-flex\">\n<div class=\"wp-block-column is-layout-flow wp-block-column-is-layout-flow\">\n<h2 class=\"wp-block-heading has-text-align-center\">Mobilit\u00e9 de courte dur\u00e9e \u00e0 l\u2019\u00e9tranger 2026<\/h2>\n\n\n\n<p class=\"has-text-align-center\" style=\"font-size:24px\"><strong>Conventions Internationales conclues<\/strong><\/p>\n<\/div>\n<\/div>\n\n\n\n<div style=\"height:24px\" aria-hidden=\"true\" class=\"wp-block-spacer\"><\/div>\n\n\n\n<div class=\"wp-block-columns is-layout-flex wp-container-core-columns-is-layout-3 wp-block-columns-is-layout-flex\">\n<div class=\"wp-block-column is-layout-flow wp-block-column-is-layout-flow\" style=\"flex-basis:7%\"><\/div>\n\n\n\n<div class=\"wp-block-column is-layout-flow wp-block-column-is-layout-flow\" style=\"flex-basis:86%\">\n<figure class=\"wp-block-table is-style-stripes has-medium-font-size\"><table class=\"has-fixed-layout\"><tbody><tr><td><strong>Pays<\/strong><\/td><td><strong>Universit\u00e9<\/strong><\/td><\/tr><tr><td><strong><strong>Tunisie<\/strong><\/strong><\/td><td><strong>Universit\u00e9 de Tunis El Manar<\/strong><br><strong>Universit\u00e9 de Sfax<\/strong><br><strong>Universit\u00e9 de Sousse&nbsp;<\/strong><br><strong>Universit\u00e9 de Monastir<\/strong><\/td><\/tr><tr><td><strong><strong>Libye<\/strong><\/strong><\/td><td><strong><strong>Universit\u00e9 de Tripoli&nbsp;\/&nbsp;jumelage<\/strong><\/strong><\/td><\/tr><tr><td><strong><strong>France<\/strong><\/strong><\/td><td><strong><strong>Universit\u00e9 Aix-Marseille (AMU)&nbsp;\/ jumelage<\/strong><\/strong><\/td><\/tr><tr><td><strong><strong>Belgique<\/strong><\/strong><\/td><td><strong><strong>Universit\u00e9 de Li\u00e8ge<\/strong><\/strong><\/td><\/tr><tr><td><strong>Turquie<\/strong><\/td><td><strong>Universit\u00e9&nbsp;Istanbul\/ jumelage<\/strong><br><strong>Universit\u00e9 Atat\u00fcrk\/&nbsp;&nbsp;&nbsp;jumelage<\/strong><\/td><\/tr><tr><td><strong>Allemagne<\/strong><\/td><td><strong>Universit\u00e9\u00a0de Jade Hochschule Wilhelmshaven Oldenburg Elsfleth des sciences appliqu\u00e9es<br>Allemagne<\/strong><\/td><\/tr><\/tbody><\/table><\/figure>\n<\/div>\n\n\n\n<div class=\"wp-block-column is-layout-flow wp-block-column-is-layout-flow\" style=\"flex-basis:7%\"><\/div>\n<\/div>\n\n\n\n<div class=\"wp-block-columns is-layout-flex wp-container-core-columns-is-layout-4 wp-block-columns-is-layout-flex\">\n<div class=\"wp-block-column is-layout-flow wp-block-column-is-layout-flow\" style=\"flex-basis:25%\">\n<div class=\"wp-block-buttons is-layout-flex wp-block-buttons-is-layout-flex\"><\/div>\n<\/div>\n\n\n\n<div class=\"wp-block-column is-layout-flow wp-block-column-is-layout-flow\" style=\"flex-basis:50%\"><\/div>\n\n\n\n<div class=\"wp-block-column is-layout-flow wp-block-column-is-layout-flow\" style=\"flex-basis:25%\"><\/div>\n<\/div>\n","protected":false},"excerpt":{"rendered":"<p>Facult\u00e9 des Science Mobilit\u00e9 de courte dur\u00e9e \u00e0 l\u2019\u00e9tranger 2026 Conventions Internationales conclues Pays Universit\u00e9 Tunisie Universit\u00e9 de Tunis El ManarUniversit\u00e9 de SfaxUniversit\u00e9 de Sousse&nbsp;Universit\u00e9 de Monastir Libye Universit\u00e9 de Tripoli&nbsp;\/&nbsp;jumelage France Universit\u00e9 Aix-Marseille (AMU)&nbsp;\/ jumelage Belgique Universit\u00e9 de Li\u00e8ge Turquie Universit\u00e9&nbsp;Istanbul\/ jumelageUniversit\u00e9 Atat\u00fcrk\/&nbsp;&nbsp;&nbsp;jumelage Allemagne Universit\u00e9\u00a0de Jade Hochschule Wilhelmshaven Oldenburg Elsfleth des sciences appliqu\u00e9esAllemagne<\/p>\n","protected":false},"author":213,"featured_media":0,"parent":0,"menu_order":0,"comment_status":"closed","ping_status":"closed","template":"page-templates\/template-pagebuilder-full-width.php","meta":{"neve_meta_sidebar":"","neve_meta_container":"","neve_meta_enable_content_width":"","neve_meta_content_width":0,"neve_meta_title_alignment":"","neve_meta_author_avatar":"","neve_post_elements_order":"","neve_meta_disable_header":"","neve_meta_disable_footer":"","neve_meta_disable_title":"","footnotes":""},"class_list":["post-14261","page","type-page","status-publish","hentry"],"_links":{"self":[{"href":"http:\/\/sciences_bourses.univ-alger.dz\/index.php?rest_route=\/wp\/v2\/pages\/14261","targetHints":{"allow":["GET"]}}],"collection":[{"href":"http:\/\/sciences_bourses.univ-alger.dz\/index.php?rest_route=\/wp\/v2\/pages"}],"about":[{"href":"http:\/\/sciences_bourses.univ-alger.dz\/index.php?rest_route=\/wp\/v2\/types\/page"}],"author":[{"embeddable":true,"href":"http:\/\/sciences_bourses.univ-alger.dz\/index.php?rest_route=\/wp\/v2\/users\/213"}],"replies":[{"embeddable":true,"href":"http:\/\/sciences_bourses.univ-alger.dz\/index.php?rest_route=%2Fwp%2Fv2%2Fcomments&post=14261"}],"version-history":[{"count":2,"href":"http:\/\/sciences_bourses.univ-alger.dz\/index.php?rest_route=\/wp\/v2\/pages\/14261\/revisions"}],"predecessor-version":[{"id":14264,"href":"http:\/\/sciences_bourses.univ-alger.dz\/index.php?rest_route=\/wp\/v2\/pages\/14261\/revisions\/14264"}],"wp:attachment":[{"href":"http:\/\/sciences_bourses.univ-alger.dz\/index.php?rest_route=%2Fwp%2Fv2%2Fmedia&parent=14261"}],"curies":[{"name":"wp","href":"https:\/\/api.w.org\/{rel}","templated":true}]}}